{"id":2366,"date":"2026-02-23T15:46:20","date_gmt":"2026-02-23T14:46:20","guid":{"rendered":"https:\/\/inrestyrka.se\/?page_id=2366"},"modified":"2026-03-08T18:09:49","modified_gmt":"2026-03-08T17:09:49","slug":"about-birgitta-sjostrand","status":"publish","type":"page","link":"https:\/\/inrestyrka.se\/en\/about-birgitta-sjostrand\/","title":{"rendered":"About Birgitta Sj\u00f6strand"},"content":{"rendered":"\t\t<div data-elementor-type=\"wp-page\" data-elementor-id=\"2366\" class=\"elementor elementor-2366\" data-elementor-post-type=\"page\">\n\t\t\t\t\t\t<section class=\"elementor-section elementor-top-section elementor-element elementor-element-83611e3 elementor-section-boxed elementor-section-height-default elementor-section-height-default\" data-id=\"83611e3\" data-element_type=\"section\">\n\t\t\t\t\t\t<div class=\"elementor-container elementor-column-gap-default\">\n\t\t\t\t\t<div class=\"elementor-column elementor-col-100 elementor-top-column elementor-element elementor-element-255c329\" data-id=\"255c329\" data-element_type=\"column\">\n\t\t\t<div class=\"elementor-widget-wrap elementor-element-populated\">\n\t\t\t\t\t\t<div class=\"elementor-element elementor-element-7394786 elementor-widget elementor-widget-heading\" data-id=\"7394786\" data-element_type=\"widget\" data-widget_type=\"heading.default\">\n\t\t\t\t<div class=\"elementor-widget-container\">\n\t\t\t\t\t<h1 class=\"elementor-heading-title elementor-size-default\">Birgitta Sj\u00f6strand \u2013 Leadership and Conflict Specialist in Sweden<\/h1>\t\t\t\t<\/div>\n\t\t\t\t<\/div>\n\t\t\t\t<div class=\"elementor-element elementor-element-cf7e2b0 elementor-widget elementor-widget-text-editor\" data-id=\"cf7e2b0\" data-element_type=\"widget\" data-widget_type=\"text-editor.default\">\n\t\t\t\t<div class=\"elementor-widget-container\">\n\t\t\t\t\t\t\t\t\t<p>Supporting managers in leading with clarity, legal confidence and human maturity in complex workplaces.<\/p><ul><li data-start=\"569\" data-end=\"606\"><p data-start=\"571\" data-end=\"606\">20+ years of leadership development<\/p><\/li><li data-start=\"607\" data-end=\"666\"><p data-start=\"609\" data-end=\"666\">Specialist in conflict management in hybrid organisations<\/p><\/li><li data-start=\"667\" data-end=\"706\"><p data-start=\"669\" data-end=\"706\">Author of <em data-start=\"679\" data-end=\"706\">Outstanding in the Middle<\/em><\/p><\/li><li data-start=\"707\" data-end=\"760\"><p data-start=\"709\" data-end=\"760\">Based in Sweden, working with international leaders<\/p><\/li><\/ul>\t\t\t\t\t\t\t\t<\/div>\n\t\t\t\t<\/div>\n\t\t\t\t\t<\/div>\n\t\t<\/div>\n\t\t\t\t\t<\/div>\n\t\t<\/section>\n\t\t\t\t<section class=\"elementor-section elementor-top-section elementor-element elementor-element-0c7a669 elementor-section-boxed elementor-section-height-default elementor-section-height-default\" data-id=\"0c7a669\" data-element_type=\"section\">\n\t\t\t\t\t\t<div class=\"elementor-container elementor-column-gap-default\">\n\t\t\t\t\t<div class=\"elementor-column elementor-col-100 elementor-top-column elementor-element elementor-element-9e54974\" data-id=\"9e54974\" data-element_type=\"column\">\n\t\t\t<div class=\"elementor-widget-wrap elementor-element-populated\">\n\t\t\t\t\t\t<div class=\"elementor-element elementor-element-10f9670 elementor-widget elementor-widget-heading\" data-id=\"10f9670\" data-element_type=\"widget\" data-widget_type=\"heading.default\">\n\t\t\t\t<div class=\"elementor-widget-container\">\n\t\t\t\t\t<h2 class=\"elementor-heading-title elementor-size-default\">Experience and Focus<\/h2>\t\t\t\t<\/div>\n\t\t\t\t<\/div>\n\t\t\t\t<div class=\"elementor-element elementor-element-062420c elementor-widget elementor-widget-text-editor\" data-id=\"062420c\" data-element_type=\"widget\" data-widget_type=\"text-editor.default\">\n\t\t\t\t<div class=\"elementor-widget-container\">\n\t\t\t\t\t\t\t\t\t<ul><li data-start=\"845\" data-end=\"901\"><p data-start=\"847\" data-end=\"901\">Leadership development in high-pressure environments<\/p><\/li><li data-start=\"902\" data-end=\"948\"><p data-start=\"904\" data-end=\"948\">Conflict management and early intervention<\/p><\/li><li data-start=\"949\" data-end=\"991\"><p data-start=\"951\" data-end=\"991\">Structured conversations and mediation<\/p><\/li><li data-start=\"992\" data-end=\"1050\"><p data-start=\"994\" data-end=\"1050\">Training aligned with the Swedish Work Environment Act<\/p><\/li><li data-start=\"1051\" data-end=\"1106\"><p data-start=\"1053\" data-end=\"1106\">Supporting international managers working in Sweden<\/p><\/li><\/ul>\t\t\t\t\t\t\t\t<\/div>\n\t\t\t\t<\/div>\n\t\t\t\t\t<\/div>\n\t\t<\/div>\n\t\t\t\t\t<\/div>\n\t\t<\/section>\n\t\t\t\t<section class=\"elementor-section elementor-top-section elementor-element elementor-element-ff65d14 elementor-section-boxed elementor-section-height-default elementor-section-height-default\" data-id=\"ff65d14\" data-element_type=\"section\">\n\t\t\t\t\t\t<div class=\"elementor-container elementor-column-gap-default\">\n\t\t\t\t\t<div class=\"elementor-column elementor-col-100 elementor-top-column elementor-element elementor-element-f88fb54\" data-id=\"f88fb54\" data-element_type=\"column\">\n\t\t\t<div class=\"elementor-widget-wrap elementor-element-populated\">\n\t\t\t\t\t\t<div class=\"elementor-element elementor-element-0832421 elementor-widget elementor-widget-heading\" data-id=\"0832421\" data-element_type=\"widget\" data-widget_type=\"heading.default\">\n\t\t\t\t<div class=\"elementor-widget-container\">\n\t\t\t\t\t<h2 class=\"elementor-heading-title elementor-size-default\">My Approach<\/h2>\t\t\t\t<\/div>\n\t\t\t\t<\/div>\n\t\t\t\t<div class=\"elementor-element elementor-element-2f974fb elementor-widget__width-initial elementor-widget elementor-widget-text-editor\" data-id=\"2f974fb\" data-element_type=\"widget\" data-widget_type=\"text-editor.default\">\n\t\t\t\t<div class=\"elementor-widget-container\">\n\t\t\t\t\t\t\t\t\t<p data-start=\"1212\" data-end=\"1273\">I believe leadership is relational before it is procedural.<\/p><p data-start=\"1280\" data-end=\"1420\">My work combines structured tools, psychological insight and legal awareness. Leaders do not need more theory \u2013 they need clarity in action.<\/p>\t\t\t\t\t\t\t\t<\/div>\n\t\t\t\t<\/div>\n\t\t\t\t\t<\/div>\n\t\t<\/div>\n\t\t\t\t\t<\/div>\n\t\t<\/section>\n\t\t\t\t<section class=\"elementor-section elementor-top-section elementor-element elementor-element-6ba4465 elementor-section-boxed elementor-section-height-default elementor-section-height-default\" data-id=\"6ba4465\" data-element_type=\"section\">\n\t\t\t\t\t\t<div class=\"elementor-container elementor-column-gap-default\">\n\t\t\t\t\t<div class=\"elementor-column elementor-col-100 elementor-top-column elementor-element elementor-element-3b05111\" data-id=\"3b05111\" data-element_type=\"column\">\n\t\t\t<div class=\"elementor-widget-wrap elementor-element-populated\">\n\t\t\t\t\t\t<div class=\"elementor-element elementor-element-488e4b1 elementor-widget elementor-widget-heading\" data-id=\"488e4b1\" data-element_type=\"widget\" data-widget_type=\"heading.default\">\n\t\t\t\t<div class=\"elementor-widget-container\">\n\t\t\t\t\t<h2 class=\"elementor-heading-title elementor-size-default\">Professional Background<\/h2>\t\t\t\t<\/div>\n\t\t\t\t<\/div>\n\t\t\t\t<div class=\"elementor-element elementor-element-89cdb70 elementor-widget elementor-widget-text-editor\" data-id=\"89cdb70\" data-element_type=\"widget\" data-widget_type=\"text-editor.default\">\n\t\t\t\t<div class=\"elementor-widget-container\">\n\t\t\t\t\t\t\t\t\t<p data-start=\"764\" data-end=\"925\">For more than two decades, I have worked with managers and leadership teams across industries including finance, public sector and international organisations.<\/p><p data-start=\"932\" data-end=\"1076\">My work focuses on helping leaders act early in conflict situations, navigate difficult conversations and build psychologically safe workplaces.<\/p>\t\t\t\t\t\t\t\t<\/div>\n\t\t\t\t<\/div>\n\t\t\t\t\t<\/div>\n\t\t<\/div>\n\t\t\t\t\t<\/div>\n\t\t<\/section>\n\t\t\t\t<section class=\"elementor-section elementor-top-section elementor-element elementor-element-94e4830 elementor-section-boxed elementor-section-height-default elementor-section-height-default\" data-id=\"94e4830\" data-element_type=\"section\">\n\t\t\t\t\t\t<div class=\"elementor-container elementor-column-gap-default\">\n\t\t\t\t\t<div class=\"elementor-column elementor-col-100 elementor-top-column elementor-element elementor-element-c845f6f\" data-id=\"c845f6f\" data-element_type=\"column\">\n\t\t\t<div class=\"elementor-widget-wrap elementor-element-populated\">\n\t\t\t\t\t\t<div class=\"elementor-element elementor-element-446c103 elementor-widget elementor-widget-heading\" data-id=\"446c103\" data-element_type=\"widget\" data-widget_type=\"heading.default\">\n\t\t\t\t<div class=\"elementor-widget-container\">\n\t\t\t\t\t<h2 class=\"elementor-heading-title elementor-size-default\">Author of Outstanding in the Middle<\/h2>\t\t\t\t<\/div>\n\t\t\t\t<\/div>\n\t\t\t\t<section class=\"elementor-section elementor-inner-section elementor-element elementor-element-7a9d833 elementor-section-boxed elementor-section-height-default elementor-section-height-default\" data-id=\"7a9d833\" data-element_type=\"section\">\n\t\t\t\t\t\t<div class=\"elementor-container elementor-column-gap-default\">\n\t\t\t\t\t<div class=\"elementor-column elementor-col-50 elementor-inner-column elementor-element elementor-element-e91b077\" data-id=\"e91b077\" data-element_type=\"column\">\n\t\t\t<div class=\"elementor-widget-wrap elementor-element-populated\">\n\t\t\t\t\t\t<div class=\"elementor-element elementor-element-7efc479 elementor-widget elementor-widget-text-editor\" data-id=\"7efc479\" data-element_type=\"widget\" data-widget_type=\"text-editor.default\">\n\t\t\t\t<div class=\"elementor-widget-container\">\n\t\t\t\t\t\t\t\t\t<p data-start=\"1212\" data-end=\"1273\">A practical and reflective book on everyday leadership, courage and responsibility in complex workplaces.<\/p><p data-start=\"1212\" data-end=\"1273\">Klick the button to see references and how you can get a signed copy of the book.<\/p>\t\t\t\t\t\t\t\t<\/div>\n\t\t\t\t<\/div>\n\t\t\t\t\t<\/div>\n\t\t<\/div>\n\t\t\t\t<div class=\"elementor-column elementor-col-50 elementor-inner-column elementor-element elementor-element-bf182e3\" data-id=\"bf182e3\" data-element_type=\"column\">\n\t\t\t<div class=\"elementor-widget-wrap elementor-element-populated\">\n\t\t\t\t\t\t<div class=\"elementor-element elementor-element-9f198b9 elementor-widget elementor-widget-image\" data-id=\"9f198b9\" data-element_type=\"widget\" data-widget_type=\"image.default\">\n\t\t\t\t<div class=\"elementor-widget-container\">\n\t\t\t\t\t\t\t\t\t\t\t\t\t\t\t<img decoding=\"async\" data-src=\"https:\/\/inrestyrka.se\/wp-content\/uploads\/elementor\/thumbs\/Boken-rk7r7rtl665u1m1drmm5h0widqidwir5b4i6qy8018.png\" title=\"Boken\" alt=\"Outstanding in the Middle - How Middle Managers Make the Differece\" src=\"data:image\/gif;base64,R0lGODlhAQABAAAAACH5BAEKAAEALAAAAAABAAEAAAICTAEAOw==\" class=\"lazyload\" style=\"--smush-placeholder-width: 350px; --smush-placeholder-aspect-ratio: 350\/222;\" \/>\t\t\t\t\t\t\t\t\t\t\t\t\t\t\t<\/div>\n\t\t\t\t<\/div>\n\t\t\t\t\t<\/div>\n\t\t<\/div>\n\t\t\t\t\t<\/div>\n\t\t<\/section>\n\t\t\t\t<div class=\"elementor-element elementor-element-4047cc5 elementor-widget elementor-widget-button\" data-id=\"4047cc5\" data-element_type=\"widget\" data-widget_type=\"button.default\">\n\t\t\t\t<div class=\"elementor-widget-container\">\n\t\t\t\t\t\t\t\t\t<div class=\"elementor-button-wrapper\">\n\t\t\t\t\t<a class=\"elementor-button elementor-button-link elementor-size-sm\" href=\"http:\/\/inrestyrka.se\/bocker\">\n\t\t\t\t\t\t<span class=\"elementor-button-content-wrapper\">\n\t\t\t\t\t\t\t\t\t<span class=\"elementor-button-text\">Learn more about the book or buy a signed copy<\/span>\n\t\t\t\t\t<\/span>\n\t\t\t\t\t<\/a>\n\t\t\t\t<\/div>\n\t\t\t\t\t\t\t\t<\/div>\n\t\t\t\t<\/div>\n\t\t\t\t\t<\/div>\n\t\t<\/div>\n\t\t\t\t\t<\/div>\n\t\t<\/section>\n\t\t\t\t<section class=\"elementor-section elementor-top-section elementor-element elementor-element-ea870bf elementor-section-boxed elementor-section-height-default elementor-section-height-default\" data-id=\"ea870bf\" data-element_type=\"section\">\n\t\t\t\t\t\t<div class=\"elementor-container elementor-column-gap-default\">\n\t\t\t\t\t<div class=\"elementor-column elementor-col-100 elementor-top-column elementor-element elementor-element-2d361cd\" data-id=\"2d361cd\" data-element_type=\"column\">\n\t\t\t<div class=\"elementor-widget-wrap elementor-element-populated\">\n\t\t\t\t\t\t<div class=\"elementor-element elementor-element-abf8dec elementor-widget elementor-widget-heading\" data-id=\"abf8dec\" data-element_type=\"widget\" data-widget_type=\"heading.default\">\n\t\t\t\t<div class=\"elementor-widget-container\">\n\t\t\t\t\t<h2 class=\"elementor-heading-title elementor-size-default\">Working in the Swedish Context<\/h2>\t\t\t\t<\/div>\n\t\t\t\t<\/div>\n\t\t\t\t<div class=\"elementor-element elementor-element-b01fd69 elementor-widget elementor-widget-text-editor\" data-id=\"b01fd69\" data-element_type=\"widget\" data-widget_type=\"text-editor.default\">\n\t\t\t\t<div class=\"elementor-widget-container\">\n\t\t\t\t\t\t\t\t\t<p data-start=\"1212\" data-end=\"1273\">Leadership in Sweden requires cultural understanding, consensus navigation and legal clarity. I support leaders who want to act early, responsibly and with confidence within this framework.<\/p><p data-start=\"1212\" data-end=\"1273\">Work with me<br data-start=\"2153\" data-end=\"2156\" \/>Explore our programmes<br data-start=\"2180\" data-end=\"2183\" \/>Book a conversation<\/p><p data-start=\"1212\" data-end=\"1273\">Leadership is not about being perfect. It is about taking responsibility early \u2013 with clarity and courage.<\/p><p data-start=\"1212\" data-end=\"1273\">For a more detailed overview of my professional background and current work, you are welcome to connect with me on LinkedIn.<\/p>\t\t\t\t\t\t\t\t<\/div>\n\t\t\t\t<\/div>\n\t\t\t\t<div class=\"elementor-element elementor-element-edc3daf elementor-widget elementor-widget-button\" data-id=\"edc3daf\" data-element_type=\"widget\" data-widget_type=\"button.default\">\n\t\t\t\t<div class=\"elementor-widget-container\">\n\t\t\t\t\t\t\t\t\t<div class=\"elementor-button-wrapper\">\n\t\t\t\t\t<a class=\"elementor-button elementor-button-link elementor-size-sm\" href=\"https:\/\/www.linkedin.com\/in\/birgittasjostrand\/\">\n\t\t\t\t\t\t<span class=\"elementor-button-content-wrapper\">\n\t\t\t\t\t\t<span class=\"elementor-button-icon\">\n\t\t\t\t<i aria-hidden=\"true\" class=\"fab fa-linkedin\"><\/i>\t\t\t<\/span>\n\t\t\t\t\t\t\t\t\t<span class=\"elementor-button-text\">LinkedIn<\/span>\n\t\t\t\t\t<\/span>\n\t\t\t\t\t<\/a>\n\t\t\t\t<\/div>\n\t\t\t\t\t\t\t\t<\/div>\n\t\t\t\t<\/div>\n\t\t\t\t\t<\/div>\n\t\t<\/div>\n\t\t\t\t\t<\/div>\n\t\t<\/section>\n\t\t\t\t<\/div>\n\t\t","protected":false},"excerpt":{"rendered":"<p>Birgitta Sj\u00f6strand \u2013 Leadership and Conflict Specialist in Sweden Supporting managers in leading with clarity, legal confidence and human maturity in complex workplaces. 20+ years of leadership development Specialist in conflict management in hybrid organisations Author of Outstanding in the Middle Based in Sweden, working with international leaders Experience and Focus Leadership development in high-pressure [&hellip;]<\/p>\n","protected":false},"author":2,"featured_media":0,"parent":0,"menu_order":0,"comment_status":"closed","ping_status":"closed","template":"elementor_header_footer","meta":{"om_disable_all_campaigns":false,"_monsterinsights_skip_tracking":false,"_monsterinsights_sitenote_active":false,"_monsterinsights_sitenote_note":"","_monsterinsights_sitenote_category":0,"_uf_show_specific_survey":0,"_uf_disable_surveys":false,"footnotes":""},"class_list":["post-2366","page","type-page","status-publish","hentry"],"yoast_head":"<!-- This site is optimized with the Yoast SEO plugin v27.6 - https:\/\/yoast.com\/product\/yoast-seo-wordpress\/ -->\n<title>Birgitta Sj\u00f6strand \u2013 Leadership &amp; Conflict Specialist in Sweden<\/title>\n<meta name=\"description\" content=\"Birgitta Sj\u00f6strand supports international managers in Sweden with leadership development, conflict management and structured workplace conversations.\" \/>\n<meta name=\"robots\" content=\"index, follow, max-snippet:-1, max-image-preview:large, max-video-preview:-1\" \/>\n<link rel=\"canonical\" href=\"https:\/\/inrestyrka.se\/en\/about-birgitta-sjostrand\/\" \/>\n<meta property=\"og:locale\" content=\"en_US\" \/>\n<meta property=\"og:type\" content=\"article\" \/>\n<meta property=\"og:title\" content=\"Birgitta Sj\u00f6strand \u2013 Leadership &amp; Conflict Specialist in Sweden\" \/>\n<meta property=\"og:description\" content=\"Birgitta Sj\u00f6strand supports international managers in Sweden with leadership development, conflict management and structured workplace conversations.\" \/>\n<meta property=\"og:url\" content=\"https:\/\/inrestyrka.se\/en\/about-birgitta-sjostrand\/\" \/>\n<meta property=\"og:site_name\" content=\"Konflikthantering online kurs\" \/>\n<meta property=\"article:publisher\" content=\"https:\/\/www.facebook.com\/birgitta.sjostrand.1\" \/>\n<meta property=\"article:modified_time\" content=\"2026-03-08T17:09:49+00:00\" \/>\n<meta property=\"og:image\" content=\"https:\/\/inrestyrka.se\/wp-content\/uploads\/elementor\/thumbs\/Boken-rk7r7rtl665u1m1drmm5h0widqidwir5b4i6qy8018.png\" \/>\n<meta name=\"twitter:label1\" content=\"Est. reading time\" \/>\n\t<meta name=\"twitter:data1\" content=\"2 minutes\" \/>\n<script type=\"application\/ld+json\" class=\"yoast-schema-graph\">{\"@context\":\"https:\\\/\\\/schema.org\",\"@graph\":[{\"@type\":\"WebPage\",\"@id\":\"https:\\\/\\\/inrestyrka.se\\\/en\\\/about-birgitta-sjostrand\\\/\",\"url\":\"https:\\\/\\\/inrestyrka.se\\\/en\\\/about-birgitta-sjostrand\\\/\",\"name\":\"Birgitta Sj\u00f6strand \u2013 Leadership & Conflict Specialist in Sweden\",\"isPartOf\":{\"@id\":\"https:\\\/\\\/inrestyrka.se\\\/en\\\/#website\"},\"primaryImageOfPage\":{\"@id\":\"https:\\\/\\\/inrestyrka.se\\\/en\\\/about-birgitta-sjostrand\\\/#primaryimage\"},\"image\":{\"@id\":\"https:\\\/\\\/inrestyrka.se\\\/en\\\/about-birgitta-sjostrand\\\/#primaryimage\"},\"thumbnailUrl\":\"https:\\\/\\\/inrestyrka.se\\\/wp-content\\\/uploads\\\/elementor\\\/thumbs\\\/Boken-rk7r7rtl665u1m1drmm5h0widqidwir5b4i6qy8018.png\",\"datePublished\":\"2026-02-23T14:46:20+00:00\",\"dateModified\":\"2026-03-08T17:09:49+00:00\",\"description\":\"Birgitta Sj\u00f6strand supports international managers in Sweden with leadership development, conflict management and structured workplace conversations.\",\"breadcrumb\":{\"@id\":\"https:\\\/\\\/inrestyrka.se\\\/en\\\/about-birgitta-sjostrand\\\/#breadcrumb\"},\"inLanguage\":\"en-US\",\"potentialAction\":[{\"@type\":\"ReadAction\",\"target\":[\"https:\\\/\\\/inrestyrka.se\\\/en\\\/about-birgitta-sjostrand\\\/\"]}]},{\"@type\":\"ImageObject\",\"inLanguage\":\"en-US\",\"@id\":\"https:\\\/\\\/inrestyrka.se\\\/en\\\/about-birgitta-sjostrand\\\/#primaryimage\",\"url\":\"https:\\\/\\\/inrestyrka.se\\\/wp-content\\\/uploads\\\/elementor\\\/thumbs\\\/Boken-rk7r7rtl665u1m1drmm5h0widqidwir5b4i6qy8018.png\",\"contentUrl\":\"https:\\\/\\\/inrestyrka.se\\\/wp-content\\\/uploads\\\/elementor\\\/thumbs\\\/Boken-rk7r7rtl665u1m1drmm5h0widqidwir5b4i6qy8018.png\"},{\"@type\":\"BreadcrumbList\",\"@id\":\"https:\\\/\\\/inrestyrka.se\\\/en\\\/about-birgitta-sjostrand\\\/#breadcrumb\",\"itemListElement\":[{\"@type\":\"ListItem\",\"position\":1,\"name\":\"Home\",\"item\":\"https:\\\/\\\/inrestyrka.se\\\/en\\\/\"},{\"@type\":\"ListItem\",\"position\":2,\"name\":\"About Birgitta Sj\u00f6strand\"}]},{\"@type\":\"WebSite\",\"@id\":\"https:\\\/\\\/inrestyrka.se\\\/en\\\/#website\",\"url\":\"https:\\\/\\\/inrestyrka.se\\\/en\\\/\",\"name\":\"Konflikthantering online kurs\",\"description\":\"Bem\u00e4stra konflikthantering: Din nyckel till framg\u00e5ngsrikt ledarskap b\u00e5de p\u00e5 kontoret och hybridkontoret\",\"publisher\":{\"@id\":\"https:\\\/\\\/inrestyrka.se\\\/en\\\/#organization\"},\"potentialAction\":[{\"@type\":\"SearchAction\",\"target\":{\"@type\":\"EntryPoint\",\"urlTemplate\":\"https:\\\/\\\/inrestyrka.se\\\/en\\\/?s={search_term_string}\"},\"query-input\":{\"@type\":\"PropertyValueSpecification\",\"valueRequired\":true,\"valueName\":\"search_term_string\"}}],\"inLanguage\":\"en-US\"},{\"@type\":\"Organization\",\"@id\":\"https:\\\/\\\/inrestyrka.se\\\/en\\\/#organization\",\"name\":\"Inre styrka AB\",\"url\":\"https:\\\/\\\/inrestyrka.se\\\/en\\\/\",\"logo\":{\"@type\":\"ImageObject\",\"inLanguage\":\"en-US\",\"@id\":\"https:\\\/\\\/inrestyrka.se\\\/en\\\/#\\\/schema\\\/logo\\\/image\\\/\",\"url\":\"https:\\\/\\\/inrestyrka.se\\\/wp-content\\\/uploads\\\/2021\\\/02\\\/cropped-ISLogga-300px-for-hemsida-2.png\",\"contentUrl\":\"https:\\\/\\\/inrestyrka.se\\\/wp-content\\\/uploads\\\/2021\\\/02\\\/cropped-ISLogga-300px-for-hemsida-2.png\",\"width\":1250,\"height\":639,\"caption\":\"Inre styrka AB\"},\"image\":{\"@id\":\"https:\\\/\\\/inrestyrka.se\\\/en\\\/#\\\/schema\\\/logo\\\/image\\\/\"},\"sameAs\":[\"https:\\\/\\\/www.facebook.com\\\/birgitta.sjostrand.1\",\"https:\\\/\\\/www.instagram.com\\\/birgitta.sjostrand\\\/\",\"https:\\\/\\\/www.linkedin.com\\\/in\\\/birgittasjostrand\\\/\"]}]}<\/script>\n<!-- \/ Yoast SEO plugin. -->","yoast_head_json":{"title":"Birgitta Sj\u00f6strand \u2013 Leadership & Conflict Specialist in Sweden","description":"Birgitta Sj\u00f6strand supports international managers in Sweden with leadership development, conflict management and structured workplace conversations.","robots":{"index":"index","follow":"follow","max-snippet":"max-snippet:-1","max-image-preview":"max-image-preview:large","max-video-preview":"max-video-preview:-1"},"canonical":"https:\/\/inrestyrka.se\/en\/about-birgitta-sjostrand\/","og_locale":"en_US","og_type":"article","og_title":"Birgitta Sj\u00f6strand \u2013 Leadership & Conflict Specialist in Sweden","og_description":"Birgitta Sj\u00f6strand supports international managers in Sweden with leadership development, conflict management and structured workplace conversations.","og_url":"https:\/\/inrestyrka.se\/en\/about-birgitta-sjostrand\/","og_site_name":"Konflikthantering online kurs","article_publisher":"https:\/\/www.facebook.com\/birgitta.sjostrand.1","article_modified_time":"2026-03-08T17:09:49+00:00","og_image":[{"url":"https:\/\/inrestyrka.se\/wp-content\/uploads\/elementor\/thumbs\/Boken-rk7r7rtl665u1m1drmm5h0widqidwir5b4i6qy8018.png","type":"","width":"","height":""}],"twitter_misc":{"Est. reading time":"2 minutes"},"schema":{"@context":"https:\/\/schema.org","@graph":[{"@type":"WebPage","@id":"https:\/\/inrestyrka.se\/en\/about-birgitta-sjostrand\/","url":"https:\/\/inrestyrka.se\/en\/about-birgitta-sjostrand\/","name":"Birgitta Sj\u00f6strand \u2013 Leadership & Conflict Specialist in Sweden","isPartOf":{"@id":"https:\/\/inrestyrka.se\/en\/#website"},"primaryImageOfPage":{"@id":"https:\/\/inrestyrka.se\/en\/about-birgitta-sjostrand\/#primaryimage"},"image":{"@id":"https:\/\/inrestyrka.se\/en\/about-birgitta-sjostrand\/#primaryimage"},"thumbnailUrl":"https:\/\/inrestyrka.se\/wp-content\/uploads\/elementor\/thumbs\/Boken-rk7r7rtl665u1m1drmm5h0widqidwir5b4i6qy8018.png","datePublished":"2026-02-23T14:46:20+00:00","dateModified":"2026-03-08T17:09:49+00:00","description":"Birgitta Sj\u00f6strand supports international managers in Sweden with leadership development, conflict management and structured workplace conversations.","breadcrumb":{"@id":"https:\/\/inrestyrka.se\/en\/about-birgitta-sjostrand\/#breadcrumb"},"inLanguage":"en-US","potentialAction":[{"@type":"ReadAction","target":["https:\/\/inrestyrka.se\/en\/about-birgitta-sjostrand\/"]}]},{"@type":"ImageObject","inLanguage":"en-US","@id":"https:\/\/inrestyrka.se\/en\/about-birgitta-sjostrand\/#primaryimage","url":"https:\/\/inrestyrka.se\/wp-content\/uploads\/elementor\/thumbs\/Boken-rk7r7rtl665u1m1drmm5h0widqidwir5b4i6qy8018.png","contentUrl":"https:\/\/inrestyrka.se\/wp-content\/uploads\/elementor\/thumbs\/Boken-rk7r7rtl665u1m1drmm5h0widqidwir5b4i6qy8018.png"},{"@type":"BreadcrumbList","@id":"https:\/\/inrestyrka.se\/en\/about-birgitta-sjostrand\/#breadcrumb","itemListElement":[{"@type":"ListItem","position":1,"name":"Home","item":"https:\/\/inrestyrka.se\/en\/"},{"@type":"ListItem","position":2,"name":"About Birgitta Sj\u00f6strand"}]},{"@type":"WebSite","@id":"https:\/\/inrestyrka.se\/en\/#website","url":"https:\/\/inrestyrka.se\/en\/","name":"Konflikthantering online kurs","description":"Bem\u00e4stra konflikthantering: Din nyckel till framg\u00e5ngsrikt ledarskap b\u00e5de p\u00e5 kontoret och hybridkontoret","publisher":{"@id":"https:\/\/inrestyrka.se\/en\/#organization"},"potentialAction":[{"@type":"SearchAction","target":{"@type":"EntryPoint","urlTemplate":"https:\/\/inrestyrka.se\/en\/?s={search_term_string}"},"query-input":{"@type":"PropertyValueSpecification","valueRequired":true,"valueName":"search_term_string"}}],"inLanguage":"en-US"},{"@type":"Organization","@id":"https:\/\/inrestyrka.se\/en\/#organization","name":"Inre styrka AB","url":"https:\/\/inrestyrka.se\/en\/","logo":{"@type":"ImageObject","inLanguage":"en-US","@id":"https:\/\/inrestyrka.se\/en\/#\/schema\/logo\/image\/","url":"https:\/\/inrestyrka.se\/wp-content\/uploads\/2021\/02\/cropped-ISLogga-300px-for-hemsida-2.png","contentUrl":"https:\/\/inrestyrka.se\/wp-content\/uploads\/2021\/02\/cropped-ISLogga-300px-for-hemsida-2.png","width":1250,"height":639,"caption":"Inre styrka AB"},"image":{"@id":"https:\/\/inrestyrka.se\/en\/#\/schema\/logo\/image\/"},"sameAs":["https:\/\/www.facebook.com\/birgitta.sjostrand.1","https:\/\/www.instagram.com\/birgitta.sjostrand\/","https:\/\/www.linkedin.com\/in\/birgittasjostrand\/"]}]}},"_links":{"self":[{"href":"https:\/\/inrestyrka.se\/en\/wp-json\/wp\/v2\/pages\/2366","targetHints":{"allow":["GET"]}}],"collection":[{"href":"https:\/\/inrestyrka.se\/en\/wp-json\/wp\/v2\/pages"}],"about":[{"href":"https:\/\/inrestyrka.se\/en\/wp-json\/wp\/v2\/types\/page"}],"author":[{"embeddable":true,"href":"https:\/\/inrestyrka.se\/en\/wp-json\/wp\/v2\/users\/2"}],"replies":[{"embeddable":true,"href":"https:\/\/inrestyrka.se\/en\/wp-json\/wp\/v2\/comments?post=2366"}],"version-history":[{"count":40,"href":"https:\/\/inrestyrka.se\/en\/wp-json\/wp\/v2\/pages\/2366\/revisions"}],"predecessor-version":[{"id":2850,"href":"https:\/\/inrestyrka.se\/en\/wp-json\/wp\/v2\/pages\/2366\/revisions\/2850"}],"wp:attachment":[{"href":"https:\/\/inrestyrka.se\/en\/wp-json\/wp\/v2\/media?parent=2366"}],"curies":[{"name":"wp","href":"https:\/\/api.w.org\/{rel}","templated":true}]}}