{"id":2426,"date":"2026-02-24T16:51:08","date_gmt":"2026-02-24T15:51:08","guid":{"rendered":"https:\/\/inrestyrka.se\/?page_id=2426"},"modified":"2026-03-08T17:50:26","modified_gmt":"2026-03-08T16:50:26","slug":"contact","status":"publish","type":"page","link":"https:\/\/inrestyrka.se\/en\/contact\/","title":{"rendered":"Contact"},"content":{"rendered":"\t\t<div data-elementor-type=\"wp-page\" data-elementor-id=\"2426\" class=\"elementor elementor-2426\" data-elementor-post-type=\"page\">\n\t\t\t\t\t\t<section class=\"elementor-section elementor-top-section elementor-element elementor-element-ebe7360 elementor-section-boxed elementor-section-height-default elementor-section-height-default\" data-id=\"ebe7360\" data-element_type=\"section\">\n\t\t\t\t\t\t<div class=\"elementor-container elementor-column-gap-default\">\n\t\t\t\t\t<div class=\"elementor-column elementor-col-100 elementor-top-column elementor-element elementor-element-d8fd361\" data-id=\"d8fd361\" data-element_type=\"column\">\n\t\t\t<div class=\"elementor-widget-wrap elementor-element-populated\">\n\t\t\t\t\t\t<div class=\"elementor-element elementor-element-898a00f elementor-widget elementor-widget-text-editor\" data-id=\"898a00f\" data-element_type=\"widget\" data-widget_type=\"text-editor.default\">\n\t\t\t\t<div class=\"elementor-widget-container\">\n\t\t\t\t\t\t\t\t\t<p>I work with organisations and leaders navigating complex challenges in hybrid environments.<br data-start=\"999\" data-end=\"1002\" \/>If you would like to explore collaboration, leadership development or the Conflict Leadership Programme, I welcome you to get in touch.\u00a0<\/p><ul><li>Based in Sweden\u00a0<\/li><li>Working internationally<\/li><\/ul>\t\t\t\t\t\t\t\t<\/div>\n\t\t\t\t<\/div>\n\t\t\t\t<div class=\"elementor-element elementor-element-0c405ab elementor-widget elementor-widget-button\" data-id=\"0c405ab\" data-element_type=\"widget\" data-widget_type=\"button.default\">\n\t\t\t\t<div class=\"elementor-widget-container\">\n\t\t\t\t\t\t\t\t\t<div class=\"elementor-button-wrapper\">\n\t\t\t\t\t<a class=\"elementor-button elementor-button-link elementor-size-sm\" href=\"https:\/\/www.linkedin.com\/in\/birgittasjostrand\/\">\n\t\t\t\t\t\t<span class=\"elementor-button-content-wrapper\">\n\t\t\t\t\t\t<span class=\"elementor-button-icon\">\n\t\t\t\t<i aria-hidden=\"true\" class=\"fab fa-linkedin\"><\/i>\t\t\t<\/span>\n\t\t\t\t\t\t\t\t\t<span class=\"elementor-button-text\">LinkedIn<\/span>\n\t\t\t\t\t<\/span>\n\t\t\t\t\t<\/a>\n\t\t\t\t<\/div>\n\t\t\t\t\t\t\t\t<\/div>\n\t\t\t\t<\/div>\n\t\t\t\t\t<\/div>\n\t\t<\/div>\n\t\t\t\t\t<\/div>\n\t\t<\/section>\n\t\t\t\t<section class=\"elementor-section elementor-top-section elementor-element elementor-element-33d188e elementor-section-boxed elementor-section-height-default elementor-section-height-default\" data-id=\"33d188e\" data-element_type=\"section\">\n\t\t\t\t\t\t<div class=\"elementor-container elementor-column-gap-default\">\n\t\t\t\t\t<div class=\"elementor-column elementor-col-100 elementor-top-column elementor-element elementor-element-5a9251d\" data-id=\"5a9251d\" data-element_type=\"column\">\n\t\t\t<div class=\"elementor-widget-wrap elementor-element-populated\">\n\t\t\t\t\t\t<div class=\"elementor-element elementor-element-22a5ca7 elementor-widget elementor-widget-text-editor\" data-id=\"22a5ca7\" data-element_type=\"widget\" data-widget_type=\"text-editor.default\">\n\t\t\t\t<div class=\"elementor-widget-container\">\n\t\t\t\t\t\t\t\t\t<p><span style=\"color: #000000;\">Read our Privacy Policy<\/span>\u00a0<a href=\"https:\/\/inrestyrka.se\/wp-content\/uploads\/2020\/10\/Privacy-Policy-200917.pdf\" target=\"_blank\" rel=\"noreferrer noopener\">here<\/a><\/p>\t\t\t\t\t\t\t\t<\/div>\n\t\t\t\t<\/div>\n\t\t\t\t<div class=\"elementor-element elementor-element-155b2e1 elementor-widget elementor-widget-html\" data-id=\"155b2e1\" data-element_type=\"widget\" data-widget_type=\"html.default\">\n\t\t\t\t<div class=\"elementor-widget-container\">\n\t\t\t\t\t<iframe\n  data-src=\"https:\/\/api.usegoplus.com\/widget\/form\/LCfH9b21Pf3DX1ZG6bdU\"\n  style=\"width:100%;height:100%;border:none;border-radius:3px\"\n  id=\"inline-LCfH9b21Pf3DX1ZG6bdU\" \n  data-layout=\"{'id':'INLINE'}\"\n  data-trigger-type=\"alwaysShow\"\n  data-trigger-value=\"\"\n  data-activation-type=\"alwaysActivated\"\n  data-activation-value=\"\"\n  data-deactivation-type=\"neverDeactivate\"\n  data-deactivation-value=\"\"\n  data-form-name=\"Kontaktformul\u00e4r till hemsidan\"\n  data-height=\"498\"\n  data-layout-iframe-id=\"inline-LCfH9b21Pf3DX1ZG6bdU\"\n  data-form-id=\"LCfH9b21Pf3DX1ZG6bdU\"\n  title=\"Kontaktformul\u00e4r till hemsidan\"\n       src=\"data:image\/gif;base64,R0lGODlhAQABAAAAACH5BAEKAAEALAAAAAABAAEAAAICTAEAOw==\" class=\"lazyload\" data-load-mode=\"1\">\n<\/iframe>\n<script src=\"https:\/\/api.usegoplus.com\/js\/form_embed.js\"><\/script>\t\t\t\t<\/div>\n\t\t\t\t<\/div>\n\t\t\t\t\t<\/div>\n\t\t<\/div>\n\t\t\t\t\t<\/div>\n\t\t<\/section>\n\t\t\t\t<\/div>\n\t\t","protected":false},"excerpt":{"rendered":"<p>I work with organisations and leaders navigating complex challenges in hybrid environments.If you would like to explore collaboration, leadership development or the Conflict Leadership Programme, I welcome you to get in touch.\u00a0 Based in Sweden\u00a0 Working internationally LinkedIn Read our Privacy Policy\u00a0here<\/p>\n","protected":false},"author":2,"featured_media":0,"parent":0,"menu_order":0,"comment_status":"closed","ping_status":"closed","template":"","meta":{"om_disable_all_campaigns":false,"_monsterinsights_skip_tracking":false,"_monsterinsights_sitenote_active":false,"_monsterinsights_sitenote_note":"","_monsterinsights_sitenote_category":0,"_uf_show_specific_survey":0,"_uf_disable_surveys":false,"footnotes":""},"class_list":["post-2426","page","type-page","status-publish","hentry"],"yoast_head":"<!-- This site is optimized with the Yoast SEO plugin v27.4 - https:\/\/yoast.com\/product\/yoast-seo-wordpress\/ -->\n<title>Contact - Konflikthantering online kurs<\/title>\n<meta name=\"robots\" content=\"index, follow, max-snippet:-1, max-image-preview:large, max-video-preview:-1\" \/>\n<link rel=\"canonical\" href=\"https:\/\/inrestyrka.se\/en\/contact\/\" \/>\n<meta property=\"og:locale\" content=\"en_US\" \/>\n<meta property=\"og:type\" content=\"article\" \/>\n<meta property=\"og:title\" content=\"Contact - Konflikthantering online kurs\" \/>\n<meta property=\"og:description\" content=\"I work with organisations and leaders navigating complex challenges in hybrid environments.If you would like to explore collaboration, leadership development or the Conflict Leadership Programme, I welcome you to get in touch.\u00a0 Based in Sweden\u00a0 Working internationally LinkedIn Read our Privacy Policy\u00a0here\" \/>\n<meta property=\"og:url\" content=\"https:\/\/inrestyrka.se\/en\/contact\/\" \/>\n<meta property=\"og:site_name\" content=\"Konflikthantering online kurs\" \/>\n<meta property=\"article:publisher\" content=\"https:\/\/www.facebook.com\/birgitta.sjostrand.1\" \/>\n<meta property=\"article:modified_time\" content=\"2026-03-08T16:50:26+00:00\" \/>\n<meta name=\"twitter:label1\" content=\"Est. reading time\" \/>\n\t<meta name=\"twitter:data1\" content=\"1 minute\" \/>\n<script type=\"application\/ld+json\" class=\"yoast-schema-graph\">{\"@context\":\"https:\\\/\\\/schema.org\",\"@graph\":[{\"@type\":\"WebPage\",\"@id\":\"https:\\\/\\\/inrestyrka.se\\\/en\\\/contact\\\/\",\"url\":\"https:\\\/\\\/inrestyrka.se\\\/en\\\/contact\\\/\",\"name\":\"Contact - Konflikthantering online kurs\",\"isPartOf\":{\"@id\":\"https:\\\/\\\/inrestyrka.se\\\/en\\\/#website\"},\"datePublished\":\"2026-02-24T15:51:08+00:00\",\"dateModified\":\"2026-03-08T16:50:26+00:00\",\"breadcrumb\":{\"@id\":\"https:\\\/\\\/inrestyrka.se\\\/en\\\/contact\\\/#breadcrumb\"},\"inLanguage\":\"en-US\",\"potentialAction\":[{\"@type\":\"ReadAction\",\"target\":[\"https:\\\/\\\/inrestyrka.se\\\/en\\\/contact\\\/\"]}]},{\"@type\":\"BreadcrumbList\",\"@id\":\"https:\\\/\\\/inrestyrka.se\\\/en\\\/contact\\\/#breadcrumb\",\"itemListElement\":[{\"@type\":\"ListItem\",\"position\":1,\"name\":\"Home\",\"item\":\"https:\\\/\\\/inrestyrka.se\\\/en\\\/\"},{\"@type\":\"ListItem\",\"position\":2,\"name\":\"Contact\"}]},{\"@type\":\"WebSite\",\"@id\":\"https:\\\/\\\/inrestyrka.se\\\/en\\\/#website\",\"url\":\"https:\\\/\\\/inrestyrka.se\\\/en\\\/\",\"name\":\"Konflikthantering online kurs\",\"description\":\"Bem\u00e4stra konflikthantering: Din nyckel till framg\u00e5ngsrikt ledarskap b\u00e5de p\u00e5 kontoret och hybridkontoret\",\"publisher\":{\"@id\":\"https:\\\/\\\/inrestyrka.se\\\/en\\\/#organization\"},\"potentialAction\":[{\"@type\":\"SearchAction\",\"target\":{\"@type\":\"EntryPoint\",\"urlTemplate\":\"https:\\\/\\\/inrestyrka.se\\\/en\\\/?s={search_term_string}\"},\"query-input\":{\"@type\":\"PropertyValueSpecification\",\"valueRequired\":true,\"valueName\":\"search_term_string\"}}],\"inLanguage\":\"en-US\"},{\"@type\":\"Organization\",\"@id\":\"https:\\\/\\\/inrestyrka.se\\\/en\\\/#organization\",\"name\":\"Inre styrka AB\",\"url\":\"https:\\\/\\\/inrestyrka.se\\\/en\\\/\",\"logo\":{\"@type\":\"ImageObject\",\"inLanguage\":\"en-US\",\"@id\":\"https:\\\/\\\/inrestyrka.se\\\/en\\\/#\\\/schema\\\/logo\\\/image\\\/\",\"url\":\"https:\\\/\\\/inrestyrka.se\\\/wp-content\\\/uploads\\\/2021\\\/02\\\/cropped-ISLogga-300px-for-hemsida-2.png\",\"contentUrl\":\"https:\\\/\\\/inrestyrka.se\\\/wp-content\\\/uploads\\\/2021\\\/02\\\/cropped-ISLogga-300px-for-hemsida-2.png\",\"width\":1250,\"height\":639,\"caption\":\"Inre styrka AB\"},\"image\":{\"@id\":\"https:\\\/\\\/inrestyrka.se\\\/en\\\/#\\\/schema\\\/logo\\\/image\\\/\"},\"sameAs\":[\"https:\\\/\\\/www.facebook.com\\\/birgitta.sjostrand.1\",\"https:\\\/\\\/www.instagram.com\\\/birgitta.sjostrand\\\/\",\"https:\\\/\\\/www.linkedin.com\\\/in\\\/birgittasjostrand\\\/\"]}]}<\/script>\n<!-- \/ Yoast SEO plugin. -->","yoast_head_json":{"title":"Contact - Konflikthantering online kurs","robots":{"index":"index","follow":"follow","max-snippet":"max-snippet:-1","max-image-preview":"max-image-preview:large","max-video-preview":"max-video-preview:-1"},"canonical":"https:\/\/inrestyrka.se\/en\/contact\/","og_locale":"en_US","og_type":"article","og_title":"Contact - Konflikthantering online kurs","og_description":"I work with organisations and leaders navigating complex challenges in hybrid environments.If you would like to explore collaboration, leadership development or the Conflict Leadership Programme, I welcome you to get in touch.\u00a0 Based in Sweden\u00a0 Working internationally LinkedIn Read our Privacy Policy\u00a0here","og_url":"https:\/\/inrestyrka.se\/en\/contact\/","og_site_name":"Konflikthantering online kurs","article_publisher":"https:\/\/www.facebook.com\/birgitta.sjostrand.1","article_modified_time":"2026-03-08T16:50:26+00:00","twitter_misc":{"Est. reading time":"1 minute"},"schema":{"@context":"https:\/\/schema.org","@graph":[{"@type":"WebPage","@id":"https:\/\/inrestyrka.se\/en\/contact\/","url":"https:\/\/inrestyrka.se\/en\/contact\/","name":"Contact - Konflikthantering online kurs","isPartOf":{"@id":"https:\/\/inrestyrka.se\/en\/#website"},"datePublished":"2026-02-24T15:51:08+00:00","dateModified":"2026-03-08T16:50:26+00:00","breadcrumb":{"@id":"https:\/\/inrestyrka.se\/en\/contact\/#breadcrumb"},"inLanguage":"en-US","potentialAction":[{"@type":"ReadAction","target":["https:\/\/inrestyrka.se\/en\/contact\/"]}]},{"@type":"BreadcrumbList","@id":"https:\/\/inrestyrka.se\/en\/contact\/#breadcrumb","itemListElement":[{"@type":"ListItem","position":1,"name":"Home","item":"https:\/\/inrestyrka.se\/en\/"},{"@type":"ListItem","position":2,"name":"Contact"}]},{"@type":"WebSite","@id":"https:\/\/inrestyrka.se\/en\/#website","url":"https:\/\/inrestyrka.se\/en\/","name":"Konflikthantering online kurs","description":"Bem\u00e4stra konflikthantering: Din nyckel till framg\u00e5ngsrikt ledarskap b\u00e5de p\u00e5 kontoret och hybridkontoret","publisher":{"@id":"https:\/\/inrestyrka.se\/en\/#organization"},"potentialAction":[{"@type":"SearchAction","target":{"@type":"EntryPoint","urlTemplate":"https:\/\/inrestyrka.se\/en\/?s={search_term_string}"},"query-input":{"@type":"PropertyValueSpecification","valueRequired":true,"valueName":"search_term_string"}}],"inLanguage":"en-US"},{"@type":"Organization","@id":"https:\/\/inrestyrka.se\/en\/#organization","name":"Inre styrka AB","url":"https:\/\/inrestyrka.se\/en\/","logo":{"@type":"ImageObject","inLanguage":"en-US","@id":"https:\/\/inrestyrka.se\/en\/#\/schema\/logo\/image\/","url":"https:\/\/inrestyrka.se\/wp-content\/uploads\/2021\/02\/cropped-ISLogga-300px-for-hemsida-2.png","contentUrl":"https:\/\/inrestyrka.se\/wp-content\/uploads\/2021\/02\/cropped-ISLogga-300px-for-hemsida-2.png","width":1250,"height":639,"caption":"Inre styrka AB"},"image":{"@id":"https:\/\/inrestyrka.se\/en\/#\/schema\/logo\/image\/"},"sameAs":["https:\/\/www.facebook.com\/birgitta.sjostrand.1","https:\/\/www.instagram.com\/birgitta.sjostrand\/","https:\/\/www.linkedin.com\/in\/birgittasjostrand\/"]}]}},"_links":{"self":[{"href":"https:\/\/inrestyrka.se\/en\/wp-json\/wp\/v2\/pages\/2426","targetHints":{"allow":["GET"]}}],"collection":[{"href":"https:\/\/inrestyrka.se\/en\/wp-json\/wp\/v2\/pages"}],"about":[{"href":"https:\/\/inrestyrka.se\/en\/wp-json\/wp\/v2\/types\/page"}],"author":[{"embeddable":true,"href":"https:\/\/inrestyrka.se\/en\/wp-json\/wp\/v2\/users\/2"}],"replies":[{"embeddable":true,"href":"https:\/\/inrestyrka.se\/en\/wp-json\/wp\/v2\/comments?post=2426"}],"version-history":[{"count":16,"href":"https:\/\/inrestyrka.se\/en\/wp-json\/wp\/v2\/pages\/2426\/revisions"}],"predecessor-version":[{"id":2836,"href":"https:\/\/inrestyrka.se\/en\/wp-json\/wp\/v2\/pages\/2426\/revisions\/2836"}],"wp:attachment":[{"href":"https:\/\/inrestyrka.se\/en\/wp-json\/wp\/v2\/media?parent=2426"}],"curies":[{"name":"wp","href":"https:\/\/api.w.org\/{rel}","templated":true}]}}